{"id":508,"date":"2022-08-10T15:58:09","date_gmt":"2022-08-10T13:58:09","guid":{"rendered":"http:\/\/45.152.250.15\/~brightstaffing\/disclaimer\/"},"modified":"2022-08-10T18:19:10","modified_gmt":"2022-08-10T16:19:10","slug":"clause-de-non-responsabilite","status":"publish","type":"page","link":"https:\/\/www.brightstaffing.be\/fr\/clause-de-non-responsabilite\/","title":{"rendered":"Clause de non-responsabilit\u00e9"},"content":{"rendered":"\n<div style=\"height:100px\" aria-hidden=\"true\" class=\"wp-block-spacer\"><\/div>\n\n\n\n<div class=\"gc-container\" >\n\t\t\t\n\n<h2 class=\"has-text-align-center wp-block-heading\">Clause de non-responsabilit\u00e9<\/h2>\n\n\n\n<p>Ce site Web est la propri\u00e9t\u00e9 de BrightStaffing BV.<br><br>Coordonn\u00e9es et Si\u00e8ge social :<br>Bruggesteenweg 311 bo\u00eete 2.2, 8830 Hooglede<br><br>T\u00e9l\u00e9phone : +32(0)51 800 379<br>E-mail : hello@brightstaffing.be<br><br>Num\u00e9ro d\u2019entreprise : BE 0657.909.329<br><br>Par le biais de l\u2019acc\u00e8s et de l\u2019utilisation du site Web, vous d\u00e9clarez accepter express\u00e9ment les conditions g\u00e9n\u00e9rales suivantes.<\/p>\n\n\n\n<h2 class=\"wp-block-heading\">Droits de propri\u00e9t\u00e9 intellectuelle<\/h2>\n\n\n\n<p>Le contenu de ce site, en ce compris les marques, logos, dessins, donn\u00e9es, d\u00e9nominations de produit ou d\u2019entreprise, textes, images, etc. est prot\u00e9g\u00e9 par des droits de propri\u00e9t\u00e9 intellectuelle et appartient \u00e0 B-Bright ou aux tiers l\u00e9gitimes.<\/p>\n\n\n\n<h2 class=\"wp-block-heading\">Limitation de responsabilit\u00e9<\/h2>\n\n\n\n<p>Les informations contenues sur ce site Web sont de nature g\u00e9n\u00e9rale. Les informations ne sont pas adapt\u00e9es \u00e0 des circonstances personnelles ou sp\u00e9cifiques et ne peuvent par cons\u00e9quent pas \u00eatre consid\u00e9r\u00e9es comme des conseils personnels, professionnels ou juridiques destin\u00e9s \u00e0 l\u2019utilisateur.<br><br>BrightStaffing s\u2019efforce de faire en sorte que les informations mises \u00e0 disposition soient aussi exhaustives, correctes, pr\u00e9cises et actuelles que possible. Malgr\u00e9 ces efforts, des erreurs sont possibles au niveau des informations mises \u00e0 disposition. Si les informations mises \u00e0 disposition contiennent des erreurs ou si certaines informations ne sont pas accessibles sur ou via le site, BrightStaffing fera tout poury rem\u00e9dier le plus rapidement possible.<br><br>BrightStaffing ne peut en aucun cas \u00eatre tenue pour responsable des dommages directs ou indirects r\u00e9sultant de l\u2019utilisation des informations mises \u00e0 disposition sur ce site.<br><br>Si vous constatez des erreurs au niveau des informations mises \u00e0 disposition via le site Web, vous pouvez contacter le gestionnaire du site.<br><br>Le contenu du site (liens compris) peut \u00e0 tout moment \u00eatre adapt\u00e9, modifi\u00e9 ou compl\u00e9t\u00e9 sans annonce ou notification. B-Bright ne garantit nullement le bon fonctionnement du site Web et ne peut en aucun cas \u00eatre tenue pour responsable de quelque mani\u00e8re que ce soit pour le mauvais fonctionnement ou l\u2019(in)disponibilit\u00e9 temporaire du site Web ou pour toute forme de dommages, directs ou indirects, d\u00e9coulant de l\u2019acc\u00e8s \u00e0 ou de l\u2019utilisation du site Web.<br><br>BrightStaffing ne peut en aucun cas \u00eatre tenue pour responsable vis-\u00e0-vis de qui que ce soit, de mani\u00e8re directe ou indirecte, sp\u00e9cifique ou autre, pour les dommages li\u00e9s \u00e0 l\u2019utilisation de ce site ou d\u2019un autre site, et en particulier en raison de liens ou d\u2019hyperliens, y compris, sans s\u2019y limiter, toutes les pertes, interruptions de travail, dommages \u00e0 des programmes ou d\u2019autres donn\u00e9es sur le syst\u00e8me informatique, du mat\u00e9riel, des programmes ou autres de l\u2019utilisateur.<br><br>Le site Web est susceptible de contenir des liens hypertextes vers des sites Web ou des pages de tiers, ou y renvoyer indirectement. La pr\u00e9sence de tels liens vers ces sites ou pages n\u2019implique toutefois pas l\u2019accord implicite du contenu de ceux-ci.<br><br>BrightStaffing d\u00e9clare express\u00e9ment ne pas disposer d\u2019un droit de regard sur le contenu ou d\u2019autres caract\u00e9ristiques de ces sites Web et ne peut en aucun cas \u00eatre tenue pour responsable du contenu ou des caract\u00e9ristiques de ceux-ci ou de toute autre forme de dommages li\u00e9s \u00e0 leur utilisation.<\/p>\n\n\n\n<h2 class=\"wp-block-heading\">Droit applicable et tribunaux comp\u00e9tents<\/h2>\n\n\n\n<p>Le droit belge s\u2019applique sur ce site. En cas de diff\u00e9rend, seuls les tribunaux de l\u2019arrondissement de R.P.M. Courtrai sont comp\u00e9tents.<\/p>\n\n\n\n<h2 class=\"wp-block-heading\">Politique de confidentialit\u00e9<\/h2>\n\n\n\n<p>BrightStaffing accorde de l\u2019importance \u00e0 votre vie priv\u00e9e. M\u00eame si la plupart des informations du pr\u00e9sent site peuvent \u00eatre consult\u00e9es sans fournir de donn\u00e9es \u00e0 caract\u00e8re personnel, dans certains cas, l\u2019utilisateur sera invit\u00e9 \u00e0 renseigner des informations personnelles. Ces informations ne seront utilis\u00e9es que dans le cadre de notre gestion des clients. L\u2019utilisateur est libre de s\u2019opposer, sans frais et sur simple demande, \u00e0 l\u2019utilisation de ses donn\u00e9es \u00e0 des fins de marketing direct. Il doit s\u2019adresser \u00e0 BrightStaffing bvba, Kapellebilk 5, 8740 Pittem \u00e0 cet effet ou envoyer un e-mail \u00e0 hello@b-bright.be. Vos donn\u00e9es \u00e0 caract\u00e8re personnel ne sont jamais transmises \u00e0 des tiers (en cas d\u2019exception, l\u2019identit\u00e9 de ceux-ci est indiqu\u00e9e).<br><br>Conform\u00e9ment \u00e0 la loi du 8\/12\/1992 relative au traitement des donn\u00e9es \u00e0 caract\u00e8re personnel, l\u2019utilisateur dispose d\u2019un droit l\u00e9gal d\u2019acc\u00e8s et de correction \u00e9ventuelle de ses donn\u00e9es \u00e0 caract\u00e8re personnel. Vous pouvez obtenir une communication \u00e9crite gratuite de vos donn\u00e9es \u00e0 caract\u00e8re personnel en envoyant une demande \u00e9crite, dat\u00e9e et sign\u00e9e \u00e0 BrightStaffing bv, Bruggesteenweg 311 \/ 2.2, 8830<br><br>Hooglede ou en envoyant un e-mail \u00e0 privacy@brightstaffing.be sans oublier d\u2019y joindre une preuve de votre identit\u00e9 (une copie de votre carte d\u2019identit\u00e9). Le cas \u00e9ch\u00e9ant, vous pouvez demander \u00e0 corriger les donn\u00e9es n\u2019\u00e9tant pas correctes, pas compl\u00e8tes ou pas pertinentes.<br><br>BrightStaffing est autoris\u00e9e \u00e0 collecter des donn\u00e9es anonymes ou agr\u00e9g\u00e9es non personnelles, telles que le type de navigateur ou l\u2019adresse IP, le syst\u00e8me d\u2019exploitation utilis\u00e9 ou le nom de domaine du site Web par le biais duquel vous \u00eates arriv\u00e9 sur notre site ou le quittez. Ces informations nous permettent d\u2019am\u00e9liorer constamment notre site pour les utilisateurs.<\/p>\n\n\n\n<h2 class=\"wp-block-heading\">Utilisation de cookies<\/h2>\n\n\n\n<p>Pendant votre visite sur le site, des cookies peuvent \u00eatre enregistr\u00e9s sur le disque dur de votre ordinateur, dans le seul but de mieux adapter le site aux besoins du visiteur r\u00e9current. Ces mini-fichiers ne sont pas utilis\u00e9s pour analyser le comportement de navigation du visiteur sur d\u2019autres sites Web. Dans les param\u00e8tres de votre navigateur, vous pouvez refuser l\u2019utilisation des cookies, demander \u00e0 \u00eatre pr\u00e9venu lorsqu\u2019un cookie est install\u00e9 ou param\u00e9trer leur suppression du disque dur apr\u00e8s la fermeture du navigateur. Vous pouvez utiliser la fonction d\u2019aide de votre navigateur Internet \u00e0 cet effet.<\/p>\n\n\n\t<\/div>\n\n\n<div style=\"height:100px\" aria-hidden=\"true\" class=\"wp-block-spacer\"><\/div>\n","protected":false},"excerpt":{"rendered":"","protected":false},"author":1,"featured_media":0,"parent":0,"menu_order":0,"comment_status":"closed","ping_status":"closed","template":"","meta":{"_acf_changed":false,"footnotes":""},"class_list":["post-508","page","type-page","status-publish","hentry"],"acf":[],"_links":{"self":[{"href":"https:\/\/www.brightstaffing.be\/fr\/wp-json\/wp\/v2\/pages\/508","targetHints":{"allow":["GET"]}}],"collection":[{"href":"https:\/\/www.brightstaffing.be\/fr\/wp-json\/wp\/v2\/pages"}],"about":[{"href":"https:\/\/www.brightstaffing.be\/fr\/wp-json\/wp\/v2\/types\/page"}],"author":[{"embeddable":true,"href":"https:\/\/www.brightstaffing.be\/fr\/wp-json\/wp\/v2\/users\/1"}],"replies":[{"embeddable":true,"href":"https:\/\/www.brightstaffing.be\/fr\/wp-json\/wp\/v2\/comments?post=508"}],"version-history":[{"count":2,"href":"https:\/\/www.brightstaffing.be\/fr\/wp-json\/wp\/v2\/pages\/508\/revisions"}],"predecessor-version":[{"id":528,"href":"https:\/\/www.brightstaffing.be\/fr\/wp-json\/wp\/v2\/pages\/508\/revisions\/528"}],"wp:attachment":[{"href":"https:\/\/www.brightstaffing.be\/fr\/wp-json\/wp\/v2\/media?parent=508"}],"curies":[{"name":"wp","href":"https:\/\/api.w.org\/{rel}","templated":true}]}}